{"id":1077,"date":"2021-04-17T18:38:21","date_gmt":"2021-04-17T15:38:21","guid":{"rendered":"https:\/\/eky-ry.dyndns.org\/?page_id=1077"},"modified":"2024-02-26T22:52:43","modified_gmt":"2024-02-26T20:52:43","slug":"yhdistys","status":"publish","type":"page","link":"https:\/\/eky-ry.fi\/index.php\/yhdistys","title":{"rendered":"Yhdistys"},"content":{"rendered":"<div data-colibri-id=\"1077-c1\" class=\"style-448 style-local-1077-c1 position-relative\">\n  <!---->\n  <div data-colibri-component=\"section\" data-colibri-id=\"1077-c2\" id=\"custom\" class=\"h-section h-section-global-spacing d-flex align-items-lg-center align-items-md-center align-items-center style-460 style-local-1077-c2 position-relative\">\n    <!---->\n    <!---->\n    <div class=\"h-section-grid-container h-section-boxed-container\">\n      <!---->\n      <div data-colibri-id=\"1077-c3\" class=\"h-row-container gutters-row-lg-2 gutters-row-md-2 gutters-row-0 gutters-row-v-lg-2 gutters-row-v-md-2 gutters-row-v-2 style-461 style-local-1077-c3 position-relative\">\n        <!---->\n        <div class=\"h-row justify-content-lg-center justify-content-md-center justify-content-center align-items-lg-stretch align-items-md-stretch align-items-stretch gutters-col-lg-2 gutters-col-md-2 gutters-col-0 gutters-col-v-lg-2 gutters-col-v-md-2 gutters-col-v-2\">\n          <!---->\n          <div class=\"h-column h-column-container d-flex h-col-lg-auto h-col-md-auto h-col-auto style-462-outer style-local-1077-c4-outer\">\n            <div data-colibri-id=\"1077-c4\" class=\"d-flex h-flex-basis h-column__inner h-px-lg-2 h-px-md-2 h-px-2 v-inner-lg-2 v-inner-md-2 v-inner-2 style-462 style-local-1077-c4 position-relative\">\n              <!---->\n              <!---->\n              <div class=\"w-100 h-y-container h-column__content h-column__v-align flex-basis-100 align-self-lg-start align-self-md-start align-self-start\">\n                <!---->\n                <div data-colibri-id=\"1077-c5\" class=\"h-text h-text-component style-464 style-local-1077-c5 position-relative h-element\">\n                  <!---->\n                  <!---->\n                  <div class=\"\">\n                    <p>El\u00e4inl\u00e4\u00e4ketieteen Kandidaattiyhdistys ry (EKY) on el\u00e4inl\u00e4\u00e4ketieteen opiskelijoiden tiedekuntaj\u00e4rjest\u00f6. EKY j\u00e4rjest\u00e4\u00e4 j\u00e4senist\u00f6lleen kulttuuri-, opinto-, ja sosiaalipalveluja ja edist\u00e4\u00e4 j\u00e4senist\u00f6ns\u00e4 harrastusmahdollisuuksia. EKY pyrkii\n                      edist\u00e4m\u00e4\u00e4n el\u00e4inl\u00e4\u00e4k\u00e4riopiskelijoiden etuja monilla sektoreilla, mm. tiedekunnan eri elinten opiskelijaedustajien kautta ja yhteisty\u00f6ll\u00e4 monien organisaatioiden, kuten Suomen El\u00e4inl\u00e4\u00e4k\u00e4riliiton kanssa.<\/p>\n                    <p>EKY:n juuret ovat El\u00e4inl\u00e4\u00e4ketieteellisen Korkeakoulun Ylioppilaskunnassa, joka perustettiin vuonna 1946. Korkeakoulun liitytty\u00e4 Helsingin yliopistoon vuonna 1995 EKY jatkoi toimintaansa El\u00e4inl\u00e4\u00e4ketieteen Kandidaattiyhdistyksen\u00e4, Helsingin\n                      yliopiston ylioppilaskunnan alaisena j\u00e4rjest\u00f6n\u00e4.<\/p>\n                    <p>EKY:n j\u00e4seni\u00e4 voivat olla kaikki Helsingin yliopiston el\u00e4inl\u00e4\u00e4ketieteellisess\u00e4 tiedekunnassa el\u00e4inl\u00e4\u00e4ketieteen lisensiaatin perustutkintoa tai el\u00e4inl\u00e4\u00e4ketieteen jatkotutkintoa suorittavat yksityishenkil\u00f6t. Kannatusj\u00e4senet hyv\u00e4ksyy\n                      yhdistyksen hallitus. J\u00e4sen menett\u00e4\u00e4 j\u00e4senyytens\u00e4 valmistuttuaan tiedekunnasta tai laiminly\u00f6ty\u00e4\u00e4n j\u00e4senmaksunsa maksamisen.<\/p>\n                    <p>Syksyll\u00e4 2004 EKY siirtyi tiedekunnan mukana H\u00e4meentielt\u00e4 Viikin kampukselle. Pitk\u00e4\u00e4n ekyl\u00e4isi\u00e4 palvellut EKY-talo vaihtui samalla Viikin uuteen kerhotilaan, joka sai nimekseen Kuopio. Kerhotilassa j\u00e4rjestet\u00e4\u00e4n teemailtoja, yhdistyksen\n                      ja hallituksen kokoukset ja muita tapahtumia sek\u00e4 spontaaneja juhlia. Kuopiossa j\u00e4senist\u00f6n k\u00e4ytett\u00e4viss\u00e4 on mm. keitti\u00f6, tietokone, biljardip\u00f6yt\u00e4 ja piano.<\/p>\n                    <p>\n                      <br>\n                    <\/p>\n                    <p>\n                      <br>\n                    <\/p>\n                  <\/div>\n                <\/div>\n              <\/div>\n            <\/div>\n          <\/div>\n          <div class=\"h-column h-column-container d-flex h-col-lg-auto h-col-md-auto h-col-auto style-463-outer style-local-1077-c6-outer\">\n            <div data-colibri-id=\"1077-c6\" class=\"d-flex h-flex-basis h-column__inner h-px-lg-2 h-px-md-2 h-px-2 v-inner-lg-2 v-inner-md-2 v-inner-2 style-463 style-local-1077-c6 position-relative\">\n              <!---->\n              <!---->\n              <div class=\"w-100 h-y-container h-column__content h-column__v-align flex-basis-100 align-self-lg-start align-self-md-start align-self-start\">\n                <!---->\n                <div data-colibri-id=\"1077-c7\" class=\"d-block style-583 style-local-1077-c7 position-relative h-element\">\n                  <!---->\n                  <div class=\"h-image__frame-container-outer\">\n                    <div class=\"h-image__frame-container\">\n                      <!---->\n                      <!---->\n                      <img loading=\"lazy\" decoding=\"async\" width=\"1880\" height=\"1253\" src=\"https:\/\/eky-ry.fi\/wp-content\/uploads\/2021\/07\/pexels-photo-206862.jpeg\" class=\"wp-image-1968 style-583-image style-local-1077-c7-image\" alt=\"\" srcset=\"https:\/\/eky-ry.fi\/wp-content\/uploads\/2021\/07\/pexels-photo-206862.jpeg 1880w, https:\/\/eky-ry.fi\/wp-content\/uploads\/2021\/07\/pexels-photo-206862-768x512.jpeg 768w, https:\/\/eky-ry.fi\/wp-content\/uploads\/2021\/07\/pexels-photo-206862-1536x1024.jpeg 1536w\" sizes=\"auto, (max-width: 1880px) 100vw, 1880px\" \/>\n                      <div class=\"h-image__frame h-hide-lg h-hide-md h-hide-sm style-583-frameImage style-local-1077-c7-frameImage\"><\/div>\n                    <\/div>\n                  <\/div>\n                <\/div>\n              <\/div>\n            <\/div>\n          <\/div>\n        <\/div>\n      <\/div>\n    <\/div>\n  <\/div>\n  <div data-colibri-component=\"section\" data-colibri-id=\"1077-c8\" id=\"blank\" class=\"h-section h-section-global-spacing d-flex align-items-lg-center align-items-md-center align-items-center style-1079 style-local-1077-c8 position-relative\">\n    <!---->\n    <!---->\n    <div class=\"h-section-grid-container h-section-boxed-container\">\n      <!---->\n      <div data-colibri-id=\"1077-c9\" class=\"h-row-container gutters-row-lg-2 gutters-row-md-2 gutters-row-0 gutters-row-v-lg-2 gutters-row-v-md-2 gutters-row-v-2 style-1088 style-local-1077-c9 position-relative\">\n        <!---->\n        <div class=\"h-row justify-content-lg-center justify-content-md-center justify-content-center align-items-lg-stretch align-items-md-stretch align-items-stretch gutters-col-lg-2 gutters-col-md-2 gutters-col-0 gutters-col-v-lg-2 gutters-col-v-md-2 gutters-col-v-2\">\n          <!---->\n          <div class=\"h-column h-column-container d-flex h-col-lg-auto h-col-md-auto h-col-auto style-1089-outer style-local-1077-c10-outer\">\n            <div data-colibri-id=\"1077-c10\" class=\"d-flex h-flex-basis h-column__inner h-px-lg-2 h-px-md-2 h-px-2 v-inner-lg-2 v-inner-md-2 v-inner-2 style-1089 style-local-1077-c10 position-relative\">\n              <!---->\n              <!---->\n              <div class=\"w-100 h-y-container h-column__content h-column__v-align flex-basis-100 align-self-lg-start align-self-md-start align-self-start\">\n                <!---->\n                <div data-colibri-id=\"1077-c11\" class=\"h-global-transition-all h-heading style-1090 style-local-1077-c11 position-relative h-element\">\n                  <!---->\n                  <div class=\"h-heading__outer style-1090 style-local-1077-c11\">\n                    <!---->\n                    <!---->\n                    <h1 class=\"\">J\u00e4senedut<\/h1>\n                  <\/div>\n                <\/div>\n              <\/div>\n            <\/div>\n          <\/div>\n        <\/div>\n      <\/div>\n      <div data-colibri-id=\"1077-c12\" class=\"h-row-container gutters-row-lg-2 gutters-row-md-2 gutters-row-0 gutters-row-v-lg-2 gutters-row-v-md-2 gutters-row-v-2 style-1080 style-local-1077-c12 position-relative\">\n        <!---->\n        <div class=\"h-row justify-content-lg-center justify-content-md-center justify-content-center align-items-lg-stretch align-items-md-stretch align-items-stretch gutters-col-lg-2 gutters-col-md-2 gutters-col-0 gutters-col-v-lg-2 gutters-col-v-md-2 gutters-col-v-2\">\n          <!---->\n          <div class=\"h-column h-column-container d-flex h-col-lg-auto h-col-md-auto h-col-auto style-1094-outer style-local-1077-c13-outer\">\n            <div data-colibri-id=\"1077-c13\" class=\"d-flex h-flex-basis h-column__inner h-px-lg-2 h-px-md-2 h-px-2 v-inner-lg-2 v-inner-md-2 v-inner-2 style-1094 style-local-1077-c13 position-relative\">\n              <!---->\n              <!---->\n              <div class=\"w-100 h-y-container h-column__content h-column__v-align flex-basis-100 align-self-lg-start align-self-md-start align-self-start\">\n                <!---->\n                <div data-colibri-id=\"1077-c14\" class=\"d-block style-1095 style-local-1077-c14 position-relative h-element\">\n                  <!---->\n                  <div class=\"h-image__frame-container-outer\">\n                    <div class=\"h-image__frame-container\">\n                      <!---->\n                      <!---->\n                      <img loading=\"lazy\" decoding=\"async\" width=\"1880\" height=\"1253\" src=\"https:\/\/eky-ry.fi\/wp-content\/uploads\/2021\/07\/pexels-photo-6622955.jpeg\" class=\"wp-image-1969 style-1095-image style-local-1077-c14-image\" alt=\"\" srcset=\"https:\/\/eky-ry.fi\/wp-content\/uploads\/2021\/07\/pexels-photo-6622955.jpeg 1880w, https:\/\/eky-ry.fi\/wp-content\/uploads\/2021\/07\/pexels-photo-6622955-768x512.jpeg 768w, https:\/\/eky-ry.fi\/wp-content\/uploads\/2021\/07\/pexels-photo-6622955-1536x1024.jpeg 1536w\" sizes=\"auto, (max-width: 1880px) 100vw, 1880px\" \/>\n                      <div class=\"h-image__frame h-hide-lg h-hide-md h-hide-sm style-1095-frameImage style-local-1077-c14-frameImage\"><\/div>\n                    <\/div>\n                  <\/div>\n                <\/div>\n                <div data-colibri-id=\"1077-c15\" class=\"h-global-transition-all h-heading style-1128 style-local-1077-c15 position-relative h-element\">\n                  <!---->\n                  <div class=\"h-heading__outer style-1128 style-local-1077-c15\">\n                    <!---->\n                    <!---->\n                    <h1 class=\"\">J\u00e4seneksi?<\/h1>\n                  <\/div>\n                <\/div>\n                <div data-colibri-id=\"1077-c16\" class=\"h-text h-text-component style-1127 style-local-1077-c16 position-relative h-element\">\n                  <!---->\n                  <!---->\n                  <div class=\"\">\n                    <p>Uudet opiskelijat liittyv\u00e4t j\u00e4seneksi ensimm\u00e4ist\u00e4 kertaa syyslukukauden alussa. Vanhemmat opiskelijat liittyv\u00e4t j\u00e4seneksi vuoden alussa tai samaan aikaan uusien opiskelijoiden kanssa.<\/p>\n                    <p>Asiasta tiedotetaan, kun se on ajankohtaista!<\/p>\n                    <p>Lue kannatusj\u00e4senyydest\u00e4 alumnisivulta!<\/p>\n                    <p>\n                      <br>\n                    <\/p>\n                    <p>\n                      <br>\n                    <\/p>\n                    <p>\n                      <br>\n                    <\/p>\n                  <\/div>\n                <\/div>\n              <\/div>\n            <\/div>\n          <\/div>\n          <div class=\"h-column h-column-container d-flex h-col-lg-auto h-col-md-auto h-col-auto style-1082-outer style-local-1077-c17-outer\">\n            <div data-colibri-id=\"1077-c17\" class=\"d-flex h-flex-basis h-column__inner h-px-lg-2 h-px-md-2 h-px-2 v-inner-lg-2 v-inner-md-2 v-inner-2 style-1082 style-local-1077-c17 position-relative\">\n              <!---->\n              <!---->\n              <div class=\"w-100 h-y-container h-column__content h-column__v-align flex-basis-100 align-self-lg-start align-self-md-start align-self-start\">\n                <!---->\n                <div data-colibri-id=\"1077-c18\" class=\"h-text h-text-component style-1087 style-local-1077-c18 position-relative h-element\">\n                  <!---->\n                  <!---->\n                  <div class=\"\">\n                    <ul>\n                      <li>J\u00e4senlehti Epiglottis 4 kertaa vuodessa<\/li>\n                      <li>Ajankohtaista ja hy\u00f6dyllist\u00e4 tietoa EKYn s\u00e4hk\u00f6postilistalla ja nettisivuilla<\/li>\n                      <li>Kerhohuone Kuopion k\u00e4ytt\u00f6oikeus ja avain panttia vastaan<\/li>\n                      <li>Erilaisia lehti\u00e4 (Helsingin Sanomat, Koiramme-lehti ym.) luettavaksi Kuopiossa<\/li>\n                      <li>EKY-hintaiset liput bileisiin ja vuosijuhlille<\/li>\n                      <li>Paljon ilmaisia, yhteisty\u00f6kumppaneiden kanssa j\u00e4rjestettyj\u00e4 tapahtumia, esim. EKY-illat<\/li>\n                      <li>Alennettu hinta kulttuuriexcursioiden p\u00e4\u00e4sylipuista mm. teatteri, ooppera, konsertit, museot, elokuvat<\/li>\n                      <li>Alennettu hinta liikuntaexcuista mm. erilaisia lajikokeiluja<\/li>\n                      <li>Ilmainen s\u00e4hlyvuoro Viikin Monarilla viikoittain<\/li>\n                      <li>NVM-matkat j\u00e4senhintaan<\/li>\n                      <li>EKYn sponsoroimat excursiot<\/li>\n                      <li>Mahdollisuus tilata el\u00e4intenruokia edulliseen hintaan<\/li>\n                      <li>PK-seudun Musti ja Mirri -myym\u00e4l\u00f6ist\u00e4 -20% Maukas-pakasteista<\/li>\n                      <li>Mahdollisuus varata Kuopio yksityisk\u00e4ytt\u00f6\u00f6n ilmaiseksi (tiedustelut EKYn tilavastaavalta)<\/li>\n                      <li>Mahdollisuus vuokrata EKY:n katos omaan k\u00e4ytt\u00f6\u00f6n hintaan 50 \u20ac<\/li>\n                      <li>Mahdollisuus myyd\u00e4 ja ostaa k\u00e4ytettyj\u00e4 kurssikirjoja EKY:n nettisivuilla<\/li>\n                      <li>Mahdollisuus saada tietoa vapaista ty\u00f6paikoista EKYn nettisivuilla<\/li>\n                      <li>Oikeus liitty\u00e4 EKYn kerhoihin ja sit\u00e4 kautta mahdollisuus opiskelijahintaisiin agilityvuoroihin, ratsastustunteihin jne.<\/li>\n                      <li>\u00c4\u00e4nioikeus EKY:n kev\u00e4t- ja syyskokouksessa, joissa p\u00e4\u00e4tet\u00e4\u00e4n mm. hallitusviroista ja j\u00e4senmaksuista<\/li>\n                      <li>Mahdollisuus toimia opiskelijaedustajana tiedekunnan, yliopiston ja ylioppilaskunnan p\u00e4\u00e4t\u00e4nt\u00e4elimiss\u00e4 ja ty\u00f6ryhmiss\u00e4<\/li>\n                      <li>Mahdollisuus v\u00e4litt\u00e4\u00e4 kommentteja opintoasioista ja opiskelijoita kohtaavista ep\u00e4kohdista EKYn hallituksen ja hallopedien kautta tiedekuntaan<\/li>\n                    <\/ul>\n                    <p>\n                      <br>\n                    <\/p>\n                  <\/div>\n                <\/div>\n              <\/div>\n            <\/div>\n          <\/div>\n        <\/div>\n      <\/div>\n    <\/div>\n  <\/div>\n<\/div>","protected":false},"excerpt":{"rendered":"<p>El\u00e4inl\u00e4\u00e4ketieteen Kandidaattiyhdistys ry (EKY) on el\u00e4inl\u00e4\u00e4ketieteen opiskelijoiden tiedekuntaj\u00e4rjest\u00f6. EKY j\u00e4rjest\u00e4\u00e4 j\u00e4senist\u00f6lleen kulttuuri-, opinto-, ja sosiaalipalveluja ja edist\u00e4\u00e4 j\u00e4senist\u00f6ns\u00e4 harrastusmahdollisuuksia. EKY pyrkii edist\u00e4m\u00e4\u00e4n el\u00e4inl\u00e4\u00e4k\u00e4riopiskelijoiden etuja monilla sektoreilla, mm. tiedekunnan eri elinten opiskelijaedustajien kautta ja yhteisty\u00f6ll\u00e4 monien organisaatioiden, kuten Suomen El\u00e4inl\u00e4\u00e4k\u00e4riliiton kanssa. EKY:n juuret ovat El\u00e4inl\u00e4\u00e4ketieteellisen Korkeakoulun Ylioppilaskunnassa, joka perustettiin vuonna 1946. Korkeakoulun liitytty\u00e4 Helsingin yliopistoon vuonna [&hellip;]<\/p>\n","protected":false},"author":1,"featured_media":0,"parent":0,"menu_order":0,"comment_status":"closed","ping_status":"closed","template":"page-templates\/full-width-page.php","meta":{"footnotes":""},"class_list":["post-1077","page","type-page","status-publish","hentry"],"_links":{"self":[{"href":"https:\/\/eky-ry.fi\/index.php\/wp-json\/wp\/v2\/pages\/1077","targetHints":{"allow":["GET"]}}],"collection":[{"href":"https:\/\/eky-ry.fi\/index.php\/wp-json\/wp\/v2\/pages"}],"about":[{"href":"https:\/\/eky-ry.fi\/index.php\/wp-json\/wp\/v2\/types\/page"}],"author":[{"embeddable":true,"href":"https:\/\/eky-ry.fi\/index.php\/wp-json\/wp\/v2\/users\/1"}],"replies":[{"embeddable":true,"href":"https:\/\/eky-ry.fi\/index.php\/wp-json\/wp\/v2\/comments?post=1077"}],"version-history":[{"count":20,"href":"https:\/\/eky-ry.fi\/index.php\/wp-json\/wp\/v2\/pages\/1077\/revisions"}],"predecessor-version":[{"id":4681,"href":"https:\/\/eky-ry.fi\/index.php\/wp-json\/wp\/v2\/pages\/1077\/revisions\/4681"}],"wp:attachment":[{"href":"https:\/\/eky-ry.fi\/index.php\/wp-json\/wp\/v2\/media?parent=1077"}],"curies":[{"name":"wp","href":"https:\/\/api.w.org\/{rel}","templated":true}]}}