{"id":1115,"date":"2021-04-17T18:47:39","date_gmt":"2021-04-17T15:47:39","guid":{"rendered":"https:\/\/eky-ry.dyndns.org\/index.php\/teluro"},"modified":"2024-08-15T22:07:44","modified_gmt":"2024-08-15T19:07:44","slug":"teluro","status":"publish","type":"page","link":"https:\/\/eky-ry.fi\/","title":{"rendered":"Front Page"},"content":{"rendered":"<div data-colibri-id=\"1115-c1\" class=\"style-191 style-local-1115-c1 position-relative\">\n  <!---->\n  <div data-colibri-component=\"section\" data-colibri-id=\"1115-c2\" id=\"yhdistys\" class=\"h-section h-section-global-spacing d-flex align-items-lg-center align-items-md-center align-items-center style-200 style-local-1115-c2 position-relative\">\n    <!---->\n    <!---->\n    <div class=\"h-section-grid-container h-section-boxed-container\">\n      <!---->\n      <div data-colibri-id=\"1115-c3\" class=\"h-row-container gutters-row-lg-1 gutters-row-md-1 gutters-row-2 gutters-row-v-lg-1 gutters-row-v-md-1 gutters-row-v-1 style-201 style-local-1115-c3 position-relative\">\n        <!---->\n        <div class=\"h-row justify-content-lg-center justify-content-md-center justify-content-center align-items-lg-center align-items-md-center align-items-center gutters-col-lg-1 gutters-col-md-1 gutters-col-2 gutters-col-v-lg-1 gutters-col-v-md-1 gutters-col-v-1\">\n          <!---->\n          <div class=\"h-column h-column-container d-flex h-col-lg-4 h-col-md-4 h-col-12 align-self-lg-center align-self-md-center align-self-center style-202-outer style-local-1115-c4-outer\">\n            <div data-colibri-id=\"1115-c4\" class=\"d-flex h-flex-basis h-column__inner h-px-lg-0 h-px-md-0 h-px-2 v-inner-lg-0 v-inner-md-0 v-inner-2 style-202 style-local-1115-c4 position-relative\">\n              <!---->\n              <!---->\n              <div class=\"w-100 h-y-container h-column__content h-column__v-align flex-basis-100 align-self-lg-center align-self-md-center align-self-center\">\n                <!---->\n                <div data-colibri-id=\"1115-c5\" class=\"h-global-transition-all h-heading style-203 style-local-1115-c5 position-relative h-element\">\n                  <!---->\n                  <div class=\"h-heading__outer style-203 style-local-1115-c5\">\n                    <!---->\n                    <!---->\n                    <h6 class=\"\">Yhdistys<\/h6>\n                  <\/div>\n                <\/div>\n                <div data-colibri-id=\"1115-c6\" class=\"h-global-transition-all h-heading style-204 style-local-1115-c6 position-relative h-element\">\n                  <!---->\n                  <div class=\"h-heading__outer style-204 style-local-1115-c6\">\n                    <!---->\n                    <!---->\n                    <h2 class=\"\">El\u00e4inl\u00e4\u00e4ketieteen opiskelijan asialla<\/h2>\n                  <\/div>\n                <\/div>\n                <div data-colibri-id=\"1115-c7\" class=\"h-text h-text-component style-205 style-local-1115-c7 position-relative h-element\">\n                  <!---->\n                  <!---->\n                  <div class=\"\">\n                    <p>El\u00e4inl\u00e4\u00e4ketieteen Kandidaattiyhdistys ry (EKY) on el\u00e4inl\u00e4\u00e4ketieteen opiskelijoiden tiedekuntaj\u00e4rjest\u00f6. EKY j\u00e4rjest\u00e4\u00e4 j\u00e4senist\u00f6lleen kulttuuri-, opinto-, ja sosiaalipalveluja ja edist\u00e4\u00e4 j\u00e4senist\u00f6ns\u00e4 harrastusmahdollisuuksia. EKY pyrkii\n                      edist\u00e4m\u00e4\u00e4n el\u00e4inl\u00e4\u00e4k\u00e4riopiskelijoiden etuja monilla sektoreilla, mm. tiedekunnan eri elinten opiskelijaedustajien kautta ja yhteisty\u00f6ll\u00e4 monien organisaatioiden, kuten Suomen El\u00e4inl\u00e4\u00e4k\u00e4riliiton kanssa.<\/p>\n                  <\/div>\n                <\/div>\n                <div data-colibri-id=\"1115-c8\" class=\"h-x-container style-811 style-local-1115-c8 position-relative h-element\">\n                  <!---->\n                  <div class=\"h-x-container-inner style-dynamic-1115-c8-group style-811-spacing style-local-1115-c8-spacing\"><span class=\"h-button__outer style-812-outer style-local-1115-c9-outer d-inline-flex h-element\"><a h-use-smooth-scroll=\"true\" href=\"https:\/\/eky-ry.fi\/index.php\/yhdistys\"  data-colibri-id=\"1115-c9\" class=\"d-flex w-100 align-items-center h-button justify-content-lg-center justify-content-md-center justify-content-center style-812 style-local-1115-c9 position-relative\"><!----><!----> <span>Lue lis\u00e4\u00e4<\/span><\/a>\n                    <\/span>\n                  <\/div>\n                <\/div>\n              <\/div>\n            <\/div>\n          <\/div>\n          <div class=\"h-column h-column-container d-flex h-col-lg-4 h-col-md-4 h-col-12 align-self-lg-center align-self-md-center align-self-center style-879-outer style-local-1115-c10-outer\">\n            <div data-colibri-id=\"1115-c10\" class=\"d-flex h-flex-basis h-column__inner h-px-lg-2 h-px-md-2 h-px-2 v-inner-lg-2 v-inner-md-2 v-inner-2 style-879 style-local-1115-c10 position-relative\">\n              <!---->\n              <!---->\n              <div class=\"w-100 h-y-container h-column__content h-column__v-align flex-basis-100 align-self-lg-start align-self-md-start align-self-start\">\n                <!---->\n                <div data-colibri-id=\"1115-c11\" class=\"d-block style-666 style-local-1115-c11 position-relative h-element\">\n                  <!---->\n                  <div class=\"h-image__frame-container-outer\">\n                    <div class=\"h-image__frame-container\">\n                      <!---->\n                      <!---->\n                      <img loading=\"lazy\" decoding=\"async\" width=\"882\" height=\"882\" src=\"https:\/\/eky-ry.fi\/wp-content\/uploads\/2021\/06\/cropped-cropped-pexels-photo-4919673.jpeg\" class=\"wp-image-2631 style-666-image style-local-1115-c11-image\" alt=\"\" srcset=\"https:\/\/eky-ry.fi\/wp-content\/uploads\/2021\/06\/cropped-cropped-pexels-photo-4919673.jpeg 882w, https:\/\/eky-ry.fi\/wp-content\/uploads\/2021\/06\/cropped-cropped-pexels-photo-4919673-150x150.jpeg 150w, https:\/\/eky-ry.fi\/wp-content\/uploads\/2021\/06\/cropped-cropped-pexels-photo-4919673-768x768.jpeg 768w\" sizes=\"auto, (max-width: 882px) 100vw, 882px\" \/>\n                      <div class=\"h-image__frame h-hide-lg h-hide-md h-hide-sm style-666-frameImage style-local-1115-c11-frameImage\"><\/div>\n                    <\/div>\n                  <\/div>\n                <\/div>\n              <\/div>\n            <\/div>\n          <\/div>\n          <div class=\"h-column h-column-container d-flex h-col-lg-4 h-col-md-4 h-col-12 align-self-lg-center align-self-md-center align-self-center style-901-outer style-local-1115-c12-outer\">\n            <div data-colibri-id=\"1115-c12\" class=\"d-flex h-flex-basis h-column__inner h-px-lg-2 h-px-md-2 h-px-2 v-inner-lg-2 v-inner-md-2 v-inner-2 style-901 style-local-1115-c12 position-relative\">\n              <!---->\n              <!---->\n              <div class=\"w-100 h-y-container h-column__content h-column__v-align flex-basis-100 align-self-lg-start align-self-md-start align-self-start\">\n                <!---->\n                <div data-colibri-id=\"1115-c13\" class=\"h-global-transition-all h-heading style-904 style-local-1115-c13 position-relative h-element\">\n                  <!---->\n                  <div class=\"h-heading__outer style-904 style-local-1115-c13\">\n                    <!---->\n                    <!---->\n                    <h1 class=\"\">Jotain mielen p\u00e4\u00e4ll\u00e4? Anna palautetta!<\/h1>\n                  <\/div>\n                <\/div>\n                <div data-colibri-id=\"1115-c14\" class=\"h-x-container style-905 style-local-1115-c14 position-relative h-element\">\n                  <!---->\n                  <div class=\"h-x-container-inner style-dynamic-1115-c14-group style-905-spacing style-local-1115-c14-spacing\"><span class=\"h-button__outer style-906-outer style-local-1115-c15-outer d-inline-flex h-element\"><a h-use-smooth-scroll=\"true\" href=\"https:\/\/elomake.helsinki.fi\/lomakkeet\/58102\/lomake.html\"  data-colibri-id=\"1115-c15\" class=\"d-flex w-100 align-items-center h-button justify-content-lg-center justify-content-md-center justify-content-center style-906 style-local-1115-c15 position-relative\"><!----><!----> <span>P\u00d6TSIPALAUTE<\/span><\/a>\n                    <\/span>\n                  <\/div>\n                <\/div>\n              <\/div>\n            <\/div>\n          <\/div>\n        <\/div>\n      <\/div>\n      <div data-colibri-id=\"1115-c16\" class=\"h-row-container gutters-row-lg-2 gutters-row-md-2 gutters-row-0 gutters-row-v-lg-2 gutters-row-v-md-2 gutters-row-v-2 style-929 style-local-1115-c16 position-relative\">\n        <!---->\n        <div class=\"h-row justify-content-lg-center justify-content-md-center justify-content-center align-items-lg-stretch align-items-md-stretch align-items-stretch gutters-col-lg-2 gutters-col-md-2 gutters-col-0 gutters-col-v-lg-2 gutters-col-v-md-2 gutters-col-v-2\">\n          <!---->\n          <div class=\"h-column h-column-container d-flex h-col-lg-auto h-col-md-auto h-col-auto style-930-outer style-local-1115-c17-outer\">\n            <div data-colibri-id=\"1115-c17\" class=\"d-flex h-flex-basis h-column__inner h-px-lg-2 h-px-md-2 h-px-2 v-inner-lg-2 v-inner-md-2 v-inner-2 style-930 style-local-1115-c17 position-relative\">\n              <!---->\n              <!---->\n              <div class=\"w-100 h-y-container h-column__content h-column__v-align flex-basis-100 align-self-lg-start align-self-md-start align-self-start\">\n                <!---->\n                <div data-colibri-id=\"1115-c18\" class=\"h-global-transition-all h-heading style-937 style-local-1115-c18 position-relative h-element\">\n                  <!---->\n                  <div class=\"h-heading__outer style-937 style-local-1115-c18\">\n                    <!---->\n                    <!---->\n                    <h1 class=\"\">EKY:n l\u00f6yd\u00e4t my\u00f6s:<\/h1>\n                  <\/div>\n                <\/div>\n                <div data-colibri-id=\"1115-c19\" class=\"style-865 style-local-1115-c19 position-relative h-element\">\n                  <!---->\n                  <div class=\"d-flex flex-wrap h-social-icons justify-content-lg-center justify-content-md-center justify-content-center\">\n                    <div class=\"social-icon-container d-inline-flex\">\n                      <a href=\"https:\/\/www.facebook.com\/elainlaaketieteenkandidaattiyhdistys\" h-use-smooth-scroll=\"true\">\n                        <div class=\"icon-container h-social-icon h-global-transition\">\n                          <div class=\"h-icon-svg\" style=\"width: 100%; height: 100%;\">\n                            <!--Icon by Socicon (http:\/\/www.socicon.com)-->\n                            <svg version=\"1.1\" xmlns=\"http:\/\/www.w3.org\/2000\/svg\" viewBox=\"0 0 1500 1500\">\n\n                              <path d=\"M867.188 1500v-685.547h228.516l35.156-266.602h-263.672v-169.922c0-76.172 20.508-128.906 131.836-128.906h140.625v-237.305c-23.438-5.859-108.398-11.719-205.078-11.719-205.078 0-342.773 123.047-342.773 351.563v196.289h-231.445v266.602h231.445v685.547z\"><\/path>\n                            <\/svg>\n                          <\/div>\n                        <\/div>\n                      <\/a>\n                    <\/div>\n                    <div class=\"social-icon-container d-inline-flex\">\n                      <a href=\"https:\/\/www.instagram.com\/ekyry\/\" h-use-smooth-scroll=\"true\">\n                        <div class=\"icon-container h-social-icon h-global-transition\">\n                          <div class=\"h-icon-svg\" style=\"width: 100%; height: 100%;\">\n                            <!--Icon by Socicon (http:\/\/www.socicon.com)-->\n                            <svg version=\"1.1\" xmlns=\"http:\/\/www.w3.org\/2000\/svg\" viewBox=\"0 0 1500 1500\">\n\n                              <path d=\"M750 134.766c202.148 0 222.656 2.93 301.758 5.859 76.172 2.93 114.258 14.648 140.625 23.438 35.156 14.648 61.523 32.227 84.961 55.664 26.367 26.367 43.945 52.734 55.664 84.961 11.719 29.297 23.438 67.383 26.367 140.625 2.93 82.031 5.859 102.539 5.859 304.688s-2.93 222.656-5.859 301.758c-2.93 76.172-14.648 114.258-23.438 140.625-14.648 35.156-32.227 61.523-55.664 84.961-26.367 26.367-52.734 43.945-84.961 55.664-29.297 11.719-67.383 23.438-140.625 26.367-82.031 2.93-102.539 5.859-304.688 5.859s-222.656-2.93-301.758-5.859c-76.172-2.93-114.258-14.648-140.625-23.438-35.156-14.648-61.523-32.227-84.961-55.664-26.367-26.367-43.945-52.734-55.664-84.961-11.719-29.297-23.438-67.383-26.367-140.625-2.93-82.031-5.859-102.539-5.859-304.688s2.93-222.656 5.859-301.758c2.93-76.172 14.648-114.258 23.438-140.625 14.648-35.156 32.227-61.523 55.664-84.961 26.367-26.367 52.734-43.945 84.961-55.664 29.297-11.719 67.383-23.438 140.625-26.367 82.031-2.93 102.539-5.859 304.688-5.859M750 0c-205.078 0-228.516 2.93-307.617 5.859-82.031 2.93-137.695 14.648-181.641 32.227-49.805 20.508-93.75 46.875-134.766 87.891s-67.383 84.961-87.891 134.766c-17.578 46.875-29.297 99.609-32.227 181.641-2.93 79.102-5.859 102.539-5.859 307.617s2.93 228.516 5.859 307.617c2.93 82.031 14.648 137.695 32.227 181.641 20.508 49.805 46.875 93.75 87.891 134.766s84.961 67.383 134.766 87.891c46.875 17.578 99.609 29.297 181.641 32.227 79.102 2.93 102.539 5.859 307.617 5.859s228.516-2.93 307.617-5.859c82.031-2.93 137.695-14.648 181.641-32.227 49.805-20.508 93.75-46.875 134.766-87.891s67.383-84.961 87.891-134.766c17.578-46.875 29.297-99.609 32.227-181.641 2.93-79.102 5.859-102.539 5.859-307.617s-2.93-228.516-5.859-307.617c-2.93-82.031-14.648-137.695-32.227-181.641-20.508-49.805-46.875-93.75-87.891-134.766s-84.961-67.383-134.766-87.891c-46.875-17.578-99.609-29.297-181.641-32.227-79.102-2.93-102.539-5.859-307.617-5.859zM750 363.281c-213.867 0-386.719 172.852-386.719 386.719s172.852 386.719 386.719 386.719c213.867 0 386.719-172.852 386.719-386.719s-172.852-386.719-386.719-386.719zM750 1001.953c-137.695 0-251.953-114.258-251.953-251.953s114.258-251.953 251.953-251.953c137.695 0 251.953 114.258 251.953 251.953s-114.258 251.953-251.953 251.953zM1239.258 348.633c0 49.805-38.086 90.82-87.891 90.82s-90.82-41.016-90.82-90.82c0-49.805 41.016-87.891 90.82-87.891s87.891 38.086 87.891 87.891z\"><\/path>\n                            <\/svg>\n                          <\/div>\n                        <\/div>\n                      <\/a>\n                    <\/div>\n                  <\/div>\n                <\/div>\n              <\/div>\n            <\/div>\n          <\/div>\n        <\/div>\n      <\/div>\n    <\/div>\n  <\/div>\n<\/div>","protected":false},"excerpt":{"rendered":"<p>Yhdistys El\u00e4inl\u00e4\u00e4ketieteen opiskelijan asialla El\u00e4inl\u00e4\u00e4ketieteen Kandidaattiyhdistys ry (EKY) on el\u00e4inl\u00e4\u00e4ketieteen opiskelijoiden tiedekuntaj\u00e4rjest\u00f6. EKY j\u00e4rjest\u00e4\u00e4 j\u00e4senist\u00f6lleen kulttuuri-, opinto-, ja sosiaalipalveluja ja edist\u00e4\u00e4 j\u00e4senist\u00f6ns\u00e4 harrastusmahdollisuuksia. EKY pyrkii edist\u00e4m\u00e4\u00e4n el\u00e4inl\u00e4\u00e4k\u00e4riopiskelijoiden etuja monilla sektoreilla, mm. tiedekunnan eri elinten opiskelijaedustajien kautta ja yhteisty\u00f6ll\u00e4 monien organisaatioiden, kuten Suomen El\u00e4inl\u00e4\u00e4k\u00e4riliiton kanssa. Lue lis\u00e4\u00e4 Jotain mielen p\u00e4\u00e4ll\u00e4? Anna palautetta! P\u00d6TSIPALAUTE EKY:n l\u00f6yd\u00e4t my\u00f6s:<\/p>\n","protected":false},"author":1,"featured_media":0,"parent":0,"menu_order":0,"comment_status":"closed","ping_status":"closed","template":"page-templates\/homepage.php","meta":{"footnotes":""},"class_list":["post-1115","page","type-page","status-publish","hentry"],"_links":{"self":[{"href":"https:\/\/eky-ry.fi\/index.php\/wp-json\/wp\/v2\/pages\/1115","targetHints":{"allow":["GET"]}}],"collection":[{"href":"https:\/\/eky-ry.fi\/index.php\/wp-json\/wp\/v2\/pages"}],"about":[{"href":"https:\/\/eky-ry.fi\/index.php\/wp-json\/wp\/v2\/types\/page"}],"author":[{"embeddable":true,"href":"https:\/\/eky-ry.fi\/index.php\/wp-json\/wp\/v2\/users\/1"}],"replies":[{"embeddable":true,"href":"https:\/\/eky-ry.fi\/index.php\/wp-json\/wp\/v2\/comments?post=1115"}],"version-history":[{"count":20,"href":"https:\/\/eky-ry.fi\/index.php\/wp-json\/wp\/v2\/pages\/1115\/revisions"}],"predecessor-version":[{"id":4895,"href":"https:\/\/eky-ry.fi\/index.php\/wp-json\/wp\/v2\/pages\/1115\/revisions\/4895"}],"wp:attachment":[{"href":"https:\/\/eky-ry.fi\/index.php\/wp-json\/wp\/v2\/media?parent=1115"}],"curies":[{"name":"wp","href":"https:\/\/api.w.org\/{rel}","templated":true}]}}