{"id":4770,"date":"2024-06-07T22:00:35","date_gmt":"2024-06-07T19:00:35","guid":{"rendered":"https:\/\/eky-ry.fi\/?page_id=4770"},"modified":"2025-05-26T16:48:30","modified_gmt":"2025-05-26T13:48:30","slug":"uusi-opiskelija","status":"publish","type":"page","link":"https:\/\/eky-ry.fi\/index.php\/uusi-opiskelija","title":{"rendered":"Uusi opiskelija"},"content":{"rendered":"<div data-colibri-id=\"4770-c1\" class=\"style-5806 style-local-4770-c1 position-relative\">\n  <!---->\n  <div data-colibri-component=\"section\" data-colibri-id=\"4770-c2\" id=\"custom\" class=\"h-section h-section-global-spacing d-flex align-items-lg-center align-items-md-center align-items-center style-5807 style-local-4770-c2 position-relative\">\n    <!---->\n    <!---->\n    <div class=\"h-section-grid-container h-section-boxed-container\">\n      <!---->\n      <div data-colibri-id=\"4770-c3\" class=\"h-row-container gutters-row-lg-0 gutters-row-md-0 gutters-row-0 gutters-row-v-lg-0 gutters-row-v-md-0 gutters-row-v-0 style-5808 style-local-4770-c3 position-relative\">\n        <!---->\n        <div class=\"h-row justify-content-lg-center justify-content-md-center justify-content-center align-items-lg-center align-items-md-center align-items-center gutters-col-lg-0 gutters-col-md-0 gutters-col-0 gutters-col-v-lg-0 gutters-col-v-md-0 gutters-col-v-0\">\n          <!---->\n          <div class=\"h-column h-column-container d-flex h-col-lg-12 h-col-md-12 h-col-12 align-self-lg-center align-self-md-center align-self-center style-5809-outer style-local-4770-c4-outer\">\n            <div data-colibri-id=\"4770-c4\" class=\"d-flex h-flex-basis h-column__inner h-px-lg-0 h-px-md-0 h-px-0 v-inner-lg-0 v-inner-md-0 v-inner-0 style-5809 style-local-4770-c4 position-relative\">\n              <!---->\n              <!---->\n              <div class=\"w-100 h-y-container h-column__content h-column__v-align flex-basis-100 align-self-lg-start align-self-md-start align-self-start\">\n                <!---->\n                <div data-colibri-id=\"4770-c5\" class=\"h-text h-text-component style-5814 style-local-4770-c5 position-relative h-element\">\n                  <!---->\n                  <!---->\n                  <div class=\"\">\n                    <p>Mit\u00e4 suurimmat onnittelut parhaasta opiskelupaikasta! <\/p>\n                    <p>Uutena el\u00e4inl\u00e4\u00e4kiksen opiskelijana olet nyt varsa. Jottei kes\u00e4ll\u00e4 k\u00e4y aika pitk\u00e4ksi, voit k\u00e4yd\u00e4 lukemassa t\u00e4m\u00e4n vuoden Varsaepparin, josta saat paljon hy\u00f6dyllist\u00e4 tietoa opiskelusta, asumisesta ja opiskelijael\u00e4m\u00e4st\u00e4! Mik\u00e4li t\u00e4m\u00e4n vuoden\n                      Varsaepparia ei ole viel\u00e4 julkaistu (ja vaikka olisikin) voit k\u00e4yd\u00e4 my\u00f6s kuuntelemassa El\u00e4inl\u00e4\u00e4kispodia, jossa k\u00e4sitell\u00e4\u00e4n p\u00e4\u00e4asiassa opintoihin liittyvi\u00e4 asioita. <\/p>\n                    <p>\u00c4l\u00e4 kuitenkaan viel\u00e4 stressaa opinnoista tai osta koulukirjoja vaan nauti kes\u00e4st\u00e4 ja muista lev\u00e4t\u00e4. Syksyll\u00e4 n\u00e4hd\u00e4\u00e4n!<\/p>\n                    <p>\n                      <br>\n                    <\/p>\n                  <\/div>\n                <\/div>\n                <div data-colibri-id=\"4770-c6\" class=\"h-x-container style-5815 style-local-4770-c6 position-relative h-element\">\n                  <!---->\n                  <div class=\"h-x-container-inner style-dynamic-4770-c6-group style-5815-spacing style-local-4770-c6-spacing\"><span class=\"h-link__outer style-5816-outer style-local-4770-c7-outer d-inline-flex h-element\"><a h-use-smooth-scroll=\"true\" href=\"https:\/\/app.box.com\/s\/2i6sl40dr1muaghips0kgkbrwl1yxrcw\"  data-colibri-id=\"4770-c7\" class=\"d-flex w-100 align-items-center h-link style-5816 style-local-4770-c7 position-relative\"><!----><!----> <span>Varsaeppari 2025<\/span><\/a>\n                    <\/span>\n                  <\/div>\n                <\/div>\n                <div data-colibri-id=\"4770-c8\" class=\"h-x-container style-5817 style-local-4770-c8 position-relative h-element\">\n                  <!---->\n                  <div class=\"h-x-container-inner style-dynamic-4770-c8-group style-5817-spacing style-local-4770-c8-spacing\"><span class=\"h-link__outer style-5818-outer style-local-4770-c9-outer d-inline-flex h-element\"><a h-use-smooth-scroll=\"true\" href=\"https:\/\/open.spotify.com\/show\/3PJvizaMSe0WrVMxD0gjAt?trackId=4GjzTwHiTbRBGbAzvOTtRu\"  data-colibri-id=\"4770-c9\" class=\"d-flex w-100 align-items-center h-link style-5818 style-local-4770-c9 position-relative\"><!----><!----> <span>El\u00e4inl\u00e4\u00e4kispodi<\/span><\/a>\n                    <\/span>\n                  <\/div>\n                <\/div>\n              <\/div>\n            <\/div>\n          <\/div>\n        <\/div>\n      <\/div>\n    <\/div>\n  <\/div>\n<\/div>","protected":false},"excerpt":{"rendered":"<p>Mit\u00e4 suurimmat onnittelut parhaasta opiskelupaikasta! Uutena el\u00e4inl\u00e4\u00e4kiksen opiskelijana olet nyt varsa. Jottei kes\u00e4ll\u00e4 k\u00e4y aika pitk\u00e4ksi, voit k\u00e4yd\u00e4 lukemassa t\u00e4m\u00e4n vuoden Varsaepparin, josta saat paljon hy\u00f6dyllist\u00e4 tietoa opiskelusta, asumisesta ja opiskelijael\u00e4m\u00e4st\u00e4! Mik\u00e4li t\u00e4m\u00e4n vuoden Varsaepparia ei ole viel\u00e4 julkaistu (ja vaikka olisikin) voit k\u00e4yd\u00e4 my\u00f6s kuuntelemassa El\u00e4inl\u00e4\u00e4kispodia, jossa k\u00e4sitell\u00e4\u00e4n p\u00e4\u00e4asiassa opintoihin liittyvi\u00e4 asioita. \u00c4l\u00e4 kuitenkaan [&hellip;]<\/p>\n","protected":false},"author":1,"featured_media":0,"parent":0,"menu_order":0,"comment_status":"closed","ping_status":"closed","template":"page-templates\/full-width-page.php","meta":{"footnotes":""},"class_list":["post-4770","page","type-page","status-publish","hentry"],"_links":{"self":[{"href":"https:\/\/eky-ry.fi\/index.php\/wp-json\/wp\/v2\/pages\/4770","targetHints":{"allow":["GET"]}}],"collection":[{"href":"https:\/\/eky-ry.fi\/index.php\/wp-json\/wp\/v2\/pages"}],"about":[{"href":"https:\/\/eky-ry.fi\/index.php\/wp-json\/wp\/v2\/types\/page"}],"author":[{"embeddable":true,"href":"https:\/\/eky-ry.fi\/index.php\/wp-json\/wp\/v2\/users\/1"}],"replies":[{"embeddable":true,"href":"https:\/\/eky-ry.fi\/index.php\/wp-json\/wp\/v2\/comments?post=4770"}],"version-history":[{"count":9,"href":"https:\/\/eky-ry.fi\/index.php\/wp-json\/wp\/v2\/pages\/4770\/revisions"}],"predecessor-version":[{"id":5342,"href":"https:\/\/eky-ry.fi\/index.php\/wp-json\/wp\/v2\/pages\/4770\/revisions\/5342"}],"wp:attachment":[{"href":"https:\/\/eky-ry.fi\/index.php\/wp-json\/wp\/v2\/media?parent=4770"}],"curies":[{"name":"wp","href":"https:\/\/api.w.org\/{rel}","templated":true}]}}